{"id":92,"date":"2020-01-06T12:49:30","date_gmt":"2020-01-06T12:49:30","guid":{"rendered":"http:\/\/praxisdevries.de\/?page_id=92"},"modified":"2020-01-06T12:49:30","modified_gmt":"2020-01-06T12:49:30","slug":"impressum","status":"publish","type":"page","link":"https:\/\/praxisdevries.de\/?page_id=92","title":{"rendered":"Impressum"},"content":{"rendered":"\n<p><strong>Verantwortlich :<\/strong> (Pflichtangaben nach \u00a75 Telemediengesetz)<\/p>\n\n\n\n<p><\/p>\n\n\n\n<p>Hendrik J.T. de Vries, B.Sc.<br>Physiotherapeut, Heilpraktiker<br><br>Krechtinger Stra\u00dfe 8a<br>46499 Hamminkeln<br><br>Fon:   +49 2852 4100<br>Fax:   +49 2852 1397<br><br>Web:  www.praxisdevries.de<br>Mail:  info@praxisdevries.de<\/p>\n\n\n\n<p><strong>Zust\u00e4ndige Aufsichtsbeh\u00f6rde<\/strong><br><br>Gesundheitsamt Kreis Wesel<br>Verwaltungsgeb\u00e4ude Moers <br>M\u00fchlenstr. 9-11 <br>47441 Moers<br><br>Fon: +49 28 41 \/ 202-0<br>Web:  www.kreis-wesel.de<br>Mail:  gesundheitswesen@kreis-wesel.de<\/p>\n\n\n\n<p><strong>Berufsrechtliche Regelungen<\/strong><br>Masseur- und Physiotherapeutengesetz \u2013 MPhG&nbsp;vom 26.&nbsp;Mai 1994<br>Gesetz \u00fcber die berufsm\u00e4\u00dfige Aus\u00fcbung der Heilkunde ohne Bestallung (Heilpraktikergesetz) vom 17. Februar 1939<\/p>\n\n\n\n<p><br><br><\/p>\n\n\n\n<p><\/p>\n","protected":false},"excerpt":{"rendered":"<p class=\"qua-blog-post-description\">Verantwortlich : (Pflichtangaben nach \u00a75 Telemediengesetz) Hendrik J.T. de Vries, B.Sc.Physiotherapeut, Heilpraktiker Krechtinger Stra\u00dfe 8a46499 Hamminkeln Fon: +49 2852 4100Fax: +49 2852 1397 Web: www.praxisdevries.deMail: info@praxisdevries.de Zust\u00e4ndige Aufsichtsbeh\u00f6rde Gesundheitsamt Kreis WeselVerwaltungsgeb\u00e4ude Moers M\u00fchlenstr. 9-11 47441 Moers Fon: +49 28 41 \/ 202-0Web: www.kreis-wesel.deMail: gesundheitswesen@kreis-wesel.de Berufsrechtliche RegelungenMasseur- und Physiotherapeutengesetz \u2013 MPhG&nbsp;vom 26.&nbsp;Mai 1994Gesetz \u00fcber die berufsm\u00e4\u00dfige<\/p>\n<p class=\"qua-blog-post-description\"><a href=\"https:\/\/praxisdevries.de\/?page_id=92#more-92\" class=\"more-link\">Weiterlesen<\/a><\/p>\n","protected":false},"author":1,"featured_media":0,"parent":0,"menu_order":0,"comment_status":"closed","ping_status":"closed","template":"","meta":{"footnotes":""},"class_list":["post-92","page","type-page","status-publish","hentry"],"yoast_head":"<!-- This site is optimized with the Yoast SEO plugin v27.5 - https:\/\/yoast.com\/product\/yoast-seo-wordpress\/ -->\n<title>Impressum - Praxis de Vries<\/title>\n<meta name=\"robots\" content=\"index, follow, max-snippet:-1, max-image-preview:large, max-video-preview:-1\" \/>\n<link rel=\"canonical\" href=\"https:\/\/praxisdevries.de\/?page_id=92\" \/>\n<meta property=\"og:locale\" content=\"de_DE\" \/>\n<meta property=\"og:type\" content=\"article\" \/>\n<meta property=\"og:title\" content=\"Impressum - Praxis de Vries\" \/>\n<meta property=\"og:description\" content=\"Verantwortlich : (Pflichtangaben nach \u00a75 Telemediengesetz) Hendrik J.T. de Vries, B.Sc.Physiotherapeut, Heilpraktiker Krechtinger Stra\u00dfe 8a46499 Hamminkeln Fon: +49 2852 4100Fax: +49 2852 1397 Web: www.praxisdevries.deMail: info@praxisdevries.de Zust\u00e4ndige Aufsichtsbeh\u00f6rde Gesundheitsamt Kreis WeselVerwaltungsgeb\u00e4ude Moers M\u00fchlenstr. 9-11 47441 Moers Fon: +49 28 41 \/ 202-0Web: www.kreis-wesel.deMail: gesundheitswesen@kreis-wesel.de Berufsrechtliche RegelungenMasseur- und Physiotherapeutengesetz \u2013 MPhG&nbsp;vom 26.&nbsp;Mai 1994Gesetz \u00fcber die berufsm\u00e4\u00dfigeWeiterlesen\" \/>\n<meta property=\"og:url\" content=\"https:\/\/praxisdevries.de\/?page_id=92\" \/>\n<meta property=\"og:site_name\" content=\"Praxis de Vries\" \/>\n<meta name=\"twitter:card\" content=\"summary_large_image\" \/>\n<script type=\"application\/ld+json\" class=\"yoast-schema-graph\">{\"@context\":\"https:\\\/\\\/schema.org\",\"@graph\":[{\"@type\":\"WebPage\",\"@id\":\"https:\\\/\\\/praxisdevries.de\\\/?page_id=92\",\"url\":\"https:\\\/\\\/praxisdevries.de\\\/?page_id=92\",\"name\":\"Impressum - Praxis de Vries\",\"isPartOf\":{\"@id\":\"https:\\\/\\\/praxisdevries.de\\\/#website\"},\"datePublished\":\"2020-01-06T12:49:30+00:00\",\"breadcrumb\":{\"@id\":\"https:\\\/\\\/praxisdevries.de\\\/?page_id=92#breadcrumb\"},\"inLanguage\":\"de\",\"potentialAction\":[{\"@type\":\"ReadAction\",\"target\":[\"https:\\\/\\\/praxisdevries.de\\\/?page_id=92\"]}]},{\"@type\":\"BreadcrumbList\",\"@id\":\"https:\\\/\\\/praxisdevries.de\\\/?page_id=92#breadcrumb\",\"itemListElement\":[{\"@type\":\"ListItem\",\"position\":1,\"name\":\"Startseite\",\"item\":\"https:\\\/\\\/praxisdevries.de\\\/\"},{\"@type\":\"ListItem\",\"position\":2,\"name\":\"Impressum\"}]},{\"@type\":\"WebSite\",\"@id\":\"https:\\\/\\\/praxisdevries.de\\\/#website\",\"url\":\"https:\\\/\\\/praxisdevries.de\\\/\",\"name\":\"Praxis de Vries\",\"description\":\"Die Physiotherapeuten\",\"potentialAction\":[{\"@type\":\"SearchAction\",\"target\":{\"@type\":\"EntryPoint\",\"urlTemplate\":\"https:\\\/\\\/praxisdevries.de\\\/?s={search_term_string}\"},\"query-input\":{\"@type\":\"PropertyValueSpecification\",\"valueRequired\":true,\"valueName\":\"search_term_string\"}}],\"inLanguage\":\"de\"}]}<\/script>\n<!-- \/ Yoast SEO plugin. -->","yoast_head_json":{"title":"Impressum - Praxis de Vries","robots":{"index":"index","follow":"follow","max-snippet":"max-snippet:-1","max-image-preview":"max-image-preview:large","max-video-preview":"max-video-preview:-1"},"canonical":"https:\/\/praxisdevries.de\/?page_id=92","og_locale":"de_DE","og_type":"article","og_title":"Impressum - Praxis de Vries","og_description":"Verantwortlich : (Pflichtangaben nach \u00a75 Telemediengesetz) Hendrik J.T. de Vries, B.Sc.Physiotherapeut, Heilpraktiker Krechtinger Stra\u00dfe 8a46499 Hamminkeln Fon: +49 2852 4100Fax: +49 2852 1397 Web: www.praxisdevries.deMail: info@praxisdevries.de Zust\u00e4ndige Aufsichtsbeh\u00f6rde Gesundheitsamt Kreis WeselVerwaltungsgeb\u00e4ude Moers M\u00fchlenstr. 9-11 47441 Moers Fon: +49 28 41 \/ 202-0Web: www.kreis-wesel.deMail: gesundheitswesen@kreis-wesel.de Berufsrechtliche RegelungenMasseur- und Physiotherapeutengesetz \u2013 MPhG&nbsp;vom 26.&nbsp;Mai 1994Gesetz \u00fcber die berufsm\u00e4\u00dfigeWeiterlesen","og_url":"https:\/\/praxisdevries.de\/?page_id=92","og_site_name":"Praxis de Vries","twitter_card":"summary_large_image","schema":{"@context":"https:\/\/schema.org","@graph":[{"@type":"WebPage","@id":"https:\/\/praxisdevries.de\/?page_id=92","url":"https:\/\/praxisdevries.de\/?page_id=92","name":"Impressum - Praxis de Vries","isPartOf":{"@id":"https:\/\/praxisdevries.de\/#website"},"datePublished":"2020-01-06T12:49:30+00:00","breadcrumb":{"@id":"https:\/\/praxisdevries.de\/?page_id=92#breadcrumb"},"inLanguage":"de","potentialAction":[{"@type":"ReadAction","target":["https:\/\/praxisdevries.de\/?page_id=92"]}]},{"@type":"BreadcrumbList","@id":"https:\/\/praxisdevries.de\/?page_id=92#breadcrumb","itemListElement":[{"@type":"ListItem","position":1,"name":"Startseite","item":"https:\/\/praxisdevries.de\/"},{"@type":"ListItem","position":2,"name":"Impressum"}]},{"@type":"WebSite","@id":"https:\/\/praxisdevries.de\/#website","url":"https:\/\/praxisdevries.de\/","name":"Praxis de Vries","description":"Die Physiotherapeuten","potentialAction":[{"@type":"SearchAction","target":{"@type":"EntryPoint","urlTemplate":"https:\/\/praxisdevries.de\/?s={search_term_string}"},"query-input":{"@type":"PropertyValueSpecification","valueRequired":true,"valueName":"search_term_string"}}],"inLanguage":"de"}]}},"_links":{"self":[{"href":"https:\/\/praxisdevries.de\/index.php?rest_route=\/wp\/v2\/pages\/92","targetHints":{"allow":["GET"]}}],"collection":[{"href":"https:\/\/praxisdevries.de\/index.php?rest_route=\/wp\/v2\/pages"}],"about":[{"href":"https:\/\/praxisdevries.de\/index.php?rest_route=\/wp\/v2\/types\/page"}],"author":[{"embeddable":true,"href":"https:\/\/praxisdevries.de\/index.php?rest_route=\/wp\/v2\/users\/1"}],"replies":[{"embeddable":true,"href":"https:\/\/praxisdevries.de\/index.php?rest_route=%2Fwp%2Fv2%2Fcomments&post=92"}],"version-history":[{"count":2,"href":"https:\/\/praxisdevries.de\/index.php?rest_route=\/wp\/v2\/pages\/92\/revisions"}],"predecessor-version":[{"id":94,"href":"https:\/\/praxisdevries.de\/index.php?rest_route=\/wp\/v2\/pages\/92\/revisions\/94"}],"wp:attachment":[{"href":"https:\/\/praxisdevries.de\/index.php?rest_route=%2Fwp%2Fv2%2Fmedia&parent=92"}],"curies":[{"name":"wp","href":"https:\/\/api.w.org\/{rel}","templated":true}]}}