{"id":23,"date":"2019-02-04T18:52:48","date_gmt":"2019-02-04T18:52:48","guid":{"rendered":"http:\/\/praxisdevries.de\/?page_id=23"},"modified":"2026-02-04T10:34:41","modified_gmt":"2026-02-04T10:34:41","slug":"therapien","status":"publish","type":"page","link":"https:\/\/praxisdevries.de\/?page_id=23","title":{"rendered":"Therapien"},"content":{"rendered":"\n<p><strong>Krankengymnastik<\/strong>. Krankengymnastische Behandlungstechniken dienen z. B. der Behandlung von Fehlentwicklungen, Erkrankungen, Verletzungen, Verletzungsfolgen und Funktionsst\u00f6rungen der Haltungs- und Bewegungsorgane sowie innerer Organe und des Nervensystems mit mobilisierenden und stabilisierenden \u00dcbungen und Techniken. Sie dienen der Kontrakturvermeidung und -l\u00f6sung, der Tonusregulierung, der Funktionsverbesserung bei krankhaften Muskelinsuffizienzen und -dysbalancen sowie der Beeinflussung der Atmungsmechanik und der Atmungsregulation (Atemtherapie). Dabei werden ggf. auch z. B. Gymnastikb\u00e4nder und -b\u00e4lle, Therapiekreisel und Schlingentische eingesetzt. Die allgemeine Krankengymnastik (KG bzw. KG- Atemtherapie) kann als Einzel- oder Gruppenbehandlung verordnet werden.<\/p>\n\n\n\n<p><strong>Ger\u00e4tegest\u00fctzte Krankengymnastik (KG-Ger\u00e4t)<\/strong>. Sie dient der Behandlung krankhafter Muskelinsuffizienz, -dysbalance und -verk\u00fcrzung sowie motorischer Paresen mittels spezieller medizinischer Trainingsger\u00e4te, vor allem bei chronischen Erkrankungen der Wirbels\u00e4ule sowie bei posttraumatischen oder postoperativen Eingriffen mit- Hebel- und Seilzugapparate (auxotone Trainingsger\u00e4te) f\u00fcr die Rumpf- und Extremit\u00e4tenmuskulatur und Sequenztrainingsger\u00e4ten f\u00fcr die oberen und unteren Extremit\u00e4ten und den Rumpf und\/oder Sequenztrainingsger\u00e4ten f\u00fcr die oberen und unteren Extremit\u00e4ten und den Rumpf . Sie wird grunds\u00e4tzlich als parallele Einzelbehandlung mit maximal 3 Patientinnen oder Patienten verordnet. Unabdingbar ist die Anleitung, Aufsicht und Kontrolle unmittelbar durch die behandelnde Therapeutin oder den behandelnden Therapeuten.<\/p>\n\n\n\n<p><strong>KG-ZNS-Bobath<\/strong>. Zur Behandlung von zentralen Bewegungsst\u00f6rungen nach Vollendung des 18. Lebensjahres, zur F\u00f6rderung und Erleichterung des Bewegungsablaufs durch Einsatz komplexer Bewegungsmuster, Bahnung von Innervation und Bewegungsabl\u00e4ufen und F\u00f6rderung oder Hemmung von Reflexen unter Einsatz der Techniken nach Bobath. Die Behandlung wird ausschlie\u00dflich als Einzeltherapie verordnet.<\/p>\n\n\n\n<p><strong>KG-ZNS-Bobath-Kinder. <\/strong>Zur Behandlung von zentralen Bewegungsst\u00f6rungen l\u00e4ngstens bis zur Vollendung des 18. Lebensjahres, zur Erleichterung des Bewegungsablaufs durch Ausnutzung komplexer Bewegungsmuster, Bahnung von Innervation und Bewegungsabl\u00e4ufen und F\u00f6rderung oder Hemmung von Reflexen unter Einsatz der Techniken nach Bobath. Die Behandlung wird ausschlie\u00dflich als Einzeltherapie verordnet.<\/p>\n\n\n\n<p><strong>Manuelle Therapie.<\/strong> Als Einzeltherapie zur Behandlung reversibler Funktionseinschr\u00e4nkungen der Gelenke und ihrer muskul\u00e4ren, reflektorischen Fixierung durch gezielte (impulslose) Mobilisation oder durch Anwendung von Weichteiltechniken.<\/p>\n\n\n\n<p><strong>Massagetherapie<\/strong>. Die Massagetherapie ist eine in Ruhelage der Patientin oder des Patienten durchgef\u00fchrte Ma\u00dfnahme, die aktive k\u00f6rperliche Reaktionen bewirkt.&nbsp;Die Massagetherapie setzt bestimmte manuelle Grifftechniken ein, die in planvoll kombinierter Abfolge je nach Gewebebefund \u00fcber mechanische Reizwirkung direkt Haut, Unterhaut, Muskeln, Sehnen und Bindegewebe einschlie\u00dflich deren Nerven, Lymph- und Blutgef\u00e4\u00dfe beeinflussen.&nbsp;Indirekt wird eine therapeutische Beeinflussung innerer Organe \u00fcber cutiviscerale Reflexe erreicht.<\/p>\n\n\n\n<p><strong>Manuelle Lymphdrainage | Komplexe Entstauungstherapie.<\/strong> Manuelle Lymphdrainage der Extremit\u00e4ten, des Kopfes und\/oder des Rumpfes einschlie\u00dflich der ggf. erforderlichen Kompressionsbandagierung (Lymphologischer Kompressionsverband) zur entstauenden Behandlung bei \u00d6demen verschiedener Ursachen. Eine verordnete Kompressionsbandagierung hat im Anschluss an die Therapiezeit der MLD zu erfolgen. Erforderliche Kompressionsbinden sind gesondert als Verbandmittel zu verordnen, sofern keine Hilfsmittel zur Kompressionstherapie vorhanden sind.<\/p>\n\n\n\n<p><strong>INPP<\/strong>. INPP ist die Abk\u00fcrzung f\u00fcr \u201eThe Institute of Neuro-Physiological Psychology&#8220;, ans\u00e4ssig in Chester \/ England. In unserer Praxis in Mehrhoog wird diese Therapie angeboten von Frau Anna Sent. <\/p>\n\n\n\n<p><strong>Weitere Therapien<\/strong> :<\/p>\n\n\n\n<p>Traktionsbehandlung<\/p>\n\n\n\n<p>Elektrotherapie<\/p>\n\n\n\n<p>Thermotherapie | Infrarotstrahler\/Hei\u00dfluft, Fangopackungen<\/p>\n\n\n\n<p>Ultraschall<\/p>\n\n\n\n<p>Softlaser<\/p>\n\n\n\n<p>Magnetfeldtherapie<\/p>\n\n\n\n<p>Eisanwendungen<\/p>\n\n\n\n<p>Unterwasserstrahlmassageanwendungen<\/p>\n\n\n\n<p>Hydroelektrisches Vollbad<\/p>\n\n\n\n<p>Zwei- und Vierzellenb\u00e4der <\/p>\n\n\n\n<p><\/p>\n","protected":false},"excerpt":{"rendered":"<p class=\"qua-blog-post-description\">Krankengymnastik. Krankengymnastische Behandlungstechniken dienen z. B. der Behandlung von Fehlentwicklungen, Erkrankungen, Verletzungen, Verletzungsfolgen und Funktionsst\u00f6rungen der Haltungs- und Bewegungsorgane sowie innerer Organe und des Nervensystems mit mobilisierenden und stabilisierenden \u00dcbungen und Techniken. Sie dienen der Kontrakturvermeidung und -l\u00f6sung, der Tonusregulierung, der Funktionsverbesserung bei krankhaften Muskelinsuffizienzen und -dysbalancen sowie der Beeinflussung der Atmungsmechanik und der Atmungsregulation<\/p>\n<p class=\"qua-blog-post-description\"><a href=\"https:\/\/praxisdevries.de\/?page_id=23#more-23\" class=\"more-link\">Weiterlesen<\/a><\/p>\n","protected":false},"author":1,"featured_media":0,"parent":0,"menu_order":0,"comment_status":"closed","ping_status":"closed","template":"","meta":{"footnotes":""},"class_list":["post-23","page","type-page","status-publish","hentry"],"yoast_head":"<!-- This site is optimized with the Yoast SEO plugin v27.6 - https:\/\/yoast.com\/product\/yoast-seo-wordpress\/ -->\n<title>Therapien - Praxis de Vries<\/title>\n<meta name=\"robots\" content=\"index, follow, max-snippet:-1, max-image-preview:large, max-video-preview:-1\" \/>\n<link rel=\"canonical\" href=\"https:\/\/praxisdevries.de\/?page_id=23\" \/>\n<meta property=\"og:locale\" content=\"de_DE\" \/>\n<meta property=\"og:type\" content=\"article\" \/>\n<meta property=\"og:title\" content=\"Therapien - Praxis de Vries\" \/>\n<meta property=\"og:description\" content=\"Krankengymnastik. Krankengymnastische Behandlungstechniken dienen z. B. der Behandlung von Fehlentwicklungen, Erkrankungen, Verletzungen, Verletzungsfolgen und Funktionsst\u00f6rungen der Haltungs- und Bewegungsorgane sowie innerer Organe und des Nervensystems mit mobilisierenden und stabilisierenden \u00dcbungen und Techniken. Sie dienen der Kontrakturvermeidung und -l\u00f6sung, der Tonusregulierung, der Funktionsverbesserung bei krankhaften Muskelinsuffizienzen und -dysbalancen sowie der Beeinflussung der Atmungsmechanik und der AtmungsregulationWeiterlesen\" \/>\n<meta property=\"og:url\" content=\"https:\/\/praxisdevries.de\/?page_id=23\" \/>\n<meta property=\"og:site_name\" content=\"Praxis de Vries\" \/>\n<meta property=\"article:modified_time\" content=\"2026-02-04T10:34:41+00:00\" \/>\n<meta name=\"twitter:card\" content=\"summary_large_image\" \/>\n<meta name=\"twitter:label1\" content=\"Gesch\u00e4tzte Lesezeit\" \/>\n\t<meta name=\"twitter:data1\" content=\"3\u00a0Minuten\" \/>\n<script type=\"application\/ld+json\" class=\"yoast-schema-graph\">{\"@context\":\"https:\\\/\\\/schema.org\",\"@graph\":[{\"@type\":\"WebPage\",\"@id\":\"https:\\\/\\\/praxisdevries.de\\\/?page_id=23\",\"url\":\"https:\\\/\\\/praxisdevries.de\\\/?page_id=23\",\"name\":\"Therapien - Praxis de Vries\",\"isPartOf\":{\"@id\":\"https:\\\/\\\/praxisdevries.de\\\/#website\"},\"datePublished\":\"2019-02-04T18:52:48+00:00\",\"dateModified\":\"2026-02-04T10:34:41+00:00\",\"breadcrumb\":{\"@id\":\"https:\\\/\\\/praxisdevries.de\\\/?page_id=23#breadcrumb\"},\"inLanguage\":\"de\",\"potentialAction\":[{\"@type\":\"ReadAction\",\"target\":[\"https:\\\/\\\/praxisdevries.de\\\/?page_id=23\"]}]},{\"@type\":\"BreadcrumbList\",\"@id\":\"https:\\\/\\\/praxisdevries.de\\\/?page_id=23#breadcrumb\",\"itemListElement\":[{\"@type\":\"ListItem\",\"position\":1,\"name\":\"Startseite\",\"item\":\"https:\\\/\\\/praxisdevries.de\\\/\"},{\"@type\":\"ListItem\",\"position\":2,\"name\":\"Therapien\"}]},{\"@type\":\"WebSite\",\"@id\":\"https:\\\/\\\/praxisdevries.de\\\/#website\",\"url\":\"https:\\\/\\\/praxisdevries.de\\\/\",\"name\":\"Praxis de Vries\",\"description\":\"Die Physiotherapeuten\",\"potentialAction\":[{\"@type\":\"SearchAction\",\"target\":{\"@type\":\"EntryPoint\",\"urlTemplate\":\"https:\\\/\\\/praxisdevries.de\\\/?s={search_term_string}\"},\"query-input\":{\"@type\":\"PropertyValueSpecification\",\"valueRequired\":true,\"valueName\":\"search_term_string\"}}],\"inLanguage\":\"de\"}]}<\/script>\n<!-- \/ Yoast SEO plugin. -->","yoast_head_json":{"title":"Therapien - Praxis de Vries","robots":{"index":"index","follow":"follow","max-snippet":"max-snippet:-1","max-image-preview":"max-image-preview:large","max-video-preview":"max-video-preview:-1"},"canonical":"https:\/\/praxisdevries.de\/?page_id=23","og_locale":"de_DE","og_type":"article","og_title":"Therapien - Praxis de Vries","og_description":"Krankengymnastik. Krankengymnastische Behandlungstechniken dienen z. B. der Behandlung von Fehlentwicklungen, Erkrankungen, Verletzungen, Verletzungsfolgen und Funktionsst\u00f6rungen der Haltungs- und Bewegungsorgane sowie innerer Organe und des Nervensystems mit mobilisierenden und stabilisierenden \u00dcbungen und Techniken. Sie dienen der Kontrakturvermeidung und -l\u00f6sung, der Tonusregulierung, der Funktionsverbesserung bei krankhaften Muskelinsuffizienzen und -dysbalancen sowie der Beeinflussung der Atmungsmechanik und der AtmungsregulationWeiterlesen","og_url":"https:\/\/praxisdevries.de\/?page_id=23","og_site_name":"Praxis de Vries","article_modified_time":"2026-02-04T10:34:41+00:00","twitter_card":"summary_large_image","twitter_misc":{"Gesch\u00e4tzte Lesezeit":"3\u00a0Minuten"},"schema":{"@context":"https:\/\/schema.org","@graph":[{"@type":"WebPage","@id":"https:\/\/praxisdevries.de\/?page_id=23","url":"https:\/\/praxisdevries.de\/?page_id=23","name":"Therapien - Praxis de Vries","isPartOf":{"@id":"https:\/\/praxisdevries.de\/#website"},"datePublished":"2019-02-04T18:52:48+00:00","dateModified":"2026-02-04T10:34:41+00:00","breadcrumb":{"@id":"https:\/\/praxisdevries.de\/?page_id=23#breadcrumb"},"inLanguage":"de","potentialAction":[{"@type":"ReadAction","target":["https:\/\/praxisdevries.de\/?page_id=23"]}]},{"@type":"BreadcrumbList","@id":"https:\/\/praxisdevries.de\/?page_id=23#breadcrumb","itemListElement":[{"@type":"ListItem","position":1,"name":"Startseite","item":"https:\/\/praxisdevries.de\/"},{"@type":"ListItem","position":2,"name":"Therapien"}]},{"@type":"WebSite","@id":"https:\/\/praxisdevries.de\/#website","url":"https:\/\/praxisdevries.de\/","name":"Praxis de Vries","description":"Die Physiotherapeuten","potentialAction":[{"@type":"SearchAction","target":{"@type":"EntryPoint","urlTemplate":"https:\/\/praxisdevries.de\/?s={search_term_string}"},"query-input":{"@type":"PropertyValueSpecification","valueRequired":true,"valueName":"search_term_string"}}],"inLanguage":"de"}]}},"_links":{"self":[{"href":"https:\/\/praxisdevries.de\/index.php?rest_route=\/wp\/v2\/pages\/23","targetHints":{"allow":["GET"]}}],"collection":[{"href":"https:\/\/praxisdevries.de\/index.php?rest_route=\/wp\/v2\/pages"}],"about":[{"href":"https:\/\/praxisdevries.de\/index.php?rest_route=\/wp\/v2\/types\/page"}],"author":[{"embeddable":true,"href":"https:\/\/praxisdevries.de\/index.php?rest_route=\/wp\/v2\/users\/1"}],"replies":[{"embeddable":true,"href":"https:\/\/praxisdevries.de\/index.php?rest_route=%2Fwp%2Fv2%2Fcomments&post=23"}],"version-history":[{"count":10,"href":"https:\/\/praxisdevries.de\/index.php?rest_route=\/wp\/v2\/pages\/23\/revisions"}],"predecessor-version":[{"id":695,"href":"https:\/\/praxisdevries.de\/index.php?rest_route=\/wp\/v2\/pages\/23\/revisions\/695"}],"wp:attachment":[{"href":"https:\/\/praxisdevries.de\/index.php?rest_route=%2Fwp%2Fv2%2Fmedia&parent=23"}],"curies":[{"name":"wp","href":"https:\/\/api.w.org\/{rel}","templated":true}]}}