{"id":20,"date":"2019-02-04T18:52:47","date_gmt":"2019-02-04T18:52:47","guid":{"rendered":"http:\/\/praxisdevries.de\/?page_id=20"},"modified":"2022-12-04T11:10:28","modified_gmt":"2022-12-04T11:10:28","slug":"praxen","status":"publish","type":"page","link":"https:\/\/praxisdevries.de\/?page_id=20","title":{"rendered":"Praxen"},"content":{"rendered":"\n<p><\/p>\n\n\n\n<p>Physiotherapie Rick de Vries &nbsp;: Krechtinger Stra\u00dfe 8a, Dingden Tel 02852 4100<\/p>\n\n\n\n<p>Naturheilpraxis de Vries : Krechtinger Stra\u00dfe 8a, Dingden Tel: 02852 4100<\/p>\n\n\n\n<p>Physiotherapie Claudia de Vries : Bahnhofstra\u00dfe 37, Mehrhoog Tel: 02857 1828<\/p>\n\n\n\n<p>Physio-Aktiv GbR : Krechtinger Stra\u00dfe 8a, Dingden (Verwaltung) Kursort : BWD 1920 e.V., H\u00f6ingsweg 3, Dingden.<\/p>\n\n\n\n<p><\/p>\n","protected":false},"excerpt":{"rendered":"<p class=\"qua-blog-post-description\">Physiotherapie Rick de Vries &nbsp;: Krechtinger Stra\u00dfe 8a, Dingden Tel 02852 4100 Naturheilpraxis de Vries : Krechtinger Stra\u00dfe 8a, Dingden Tel: 02852 4100 Physiotherapie Claudia de Vries : Bahnhofstra\u00dfe 37, Mehrhoog Tel: 02857 1828 Physio-Aktiv GbR : Krechtinger Stra\u00dfe 8a, Dingden (Verwaltung) Kursort : BWD 1920 e.V., H\u00f6ingsweg 3, Dingden.<\/p>\n","protected":false},"author":1,"featured_media":0,"parent":0,"menu_order":0,"comment_status":"closed","ping_status":"closed","template":"","meta":{"footnotes":""},"class_list":["post-20","page","type-page","status-publish","hentry"],"yoast_head":"<!-- This site is optimized with the Yoast SEO plugin v27.5 - https:\/\/yoast.com\/product\/yoast-seo-wordpress\/ -->\n<title>Praxen - Praxis de Vries<\/title>\n<meta name=\"robots\" content=\"index, follow, max-snippet:-1, max-image-preview:large, max-video-preview:-1\" \/>\n<link rel=\"canonical\" href=\"https:\/\/praxisdevries.de\/?page_id=20\" \/>\n<meta property=\"og:locale\" content=\"de_DE\" \/>\n<meta property=\"og:type\" content=\"article\" \/>\n<meta property=\"og:title\" content=\"Praxen - Praxis de Vries\" \/>\n<meta property=\"og:description\" content=\"Physiotherapie Rick de Vries &nbsp;: Krechtinger Stra\u00dfe 8a, Dingden Tel 02852 4100 Naturheilpraxis de Vries : Krechtinger Stra\u00dfe 8a, Dingden Tel: 02852 4100 Physiotherapie Claudia de Vries : Bahnhofstra\u00dfe 37, Mehrhoog Tel: 02857 1828 Physio-Aktiv GbR : Krechtinger Stra\u00dfe 8a, Dingden (Verwaltung) Kursort : BWD 1920 e.V., H\u00f6ingsweg 3, Dingden.\" \/>\n<meta property=\"og:url\" content=\"https:\/\/praxisdevries.de\/?page_id=20\" \/>\n<meta property=\"og:site_name\" content=\"Praxis de Vries\" \/>\n<meta property=\"article:modified_time\" content=\"2022-12-04T11:10:28+00:00\" \/>\n<meta name=\"twitter:card\" content=\"summary_large_image\" \/>\n<meta name=\"twitter:label1\" content=\"Gesch\u00e4tzte Lesezeit\" \/>\n\t<meta name=\"twitter:data1\" content=\"1\u00a0Minute\" \/>\n<script type=\"application\/ld+json\" class=\"yoast-schema-graph\">{\"@context\":\"https:\\\/\\\/schema.org\",\"@graph\":[{\"@type\":\"WebPage\",\"@id\":\"https:\\\/\\\/praxisdevries.de\\\/?page_id=20\",\"url\":\"https:\\\/\\\/praxisdevries.de\\\/?page_id=20\",\"name\":\"Praxen - Praxis de Vries\",\"isPartOf\":{\"@id\":\"https:\\\/\\\/praxisdevries.de\\\/#website\"},\"datePublished\":\"2019-02-04T18:52:47+00:00\",\"dateModified\":\"2022-12-04T11:10:28+00:00\",\"breadcrumb\":{\"@id\":\"https:\\\/\\\/praxisdevries.de\\\/?page_id=20#breadcrumb\"},\"inLanguage\":\"de\",\"potentialAction\":[{\"@type\":\"ReadAction\",\"target\":[\"https:\\\/\\\/praxisdevries.de\\\/?page_id=20\"]}]},{\"@type\":\"BreadcrumbList\",\"@id\":\"https:\\\/\\\/praxisdevries.de\\\/?page_id=20#breadcrumb\",\"itemListElement\":[{\"@type\":\"ListItem\",\"position\":1,\"name\":\"Startseite\",\"item\":\"https:\\\/\\\/praxisdevries.de\\\/\"},{\"@type\":\"ListItem\",\"position\":2,\"name\":\"Praxen\"}]},{\"@type\":\"WebSite\",\"@id\":\"https:\\\/\\\/praxisdevries.de\\\/#website\",\"url\":\"https:\\\/\\\/praxisdevries.de\\\/\",\"name\":\"Praxis de Vries\",\"description\":\"Die Physiotherapeuten\",\"potentialAction\":[{\"@type\":\"SearchAction\",\"target\":{\"@type\":\"EntryPoint\",\"urlTemplate\":\"https:\\\/\\\/praxisdevries.de\\\/?s={search_term_string}\"},\"query-input\":{\"@type\":\"PropertyValueSpecification\",\"valueRequired\":true,\"valueName\":\"search_term_string\"}}],\"inLanguage\":\"de\"}]}<\/script>\n<!-- \/ Yoast SEO plugin. -->","yoast_head_json":{"title":"Praxen - Praxis de Vries","robots":{"index":"index","follow":"follow","max-snippet":"max-snippet:-1","max-image-preview":"max-image-preview:large","max-video-preview":"max-video-preview:-1"},"canonical":"https:\/\/praxisdevries.de\/?page_id=20","og_locale":"de_DE","og_type":"article","og_title":"Praxen - Praxis de Vries","og_description":"Physiotherapie Rick de Vries &nbsp;: Krechtinger Stra\u00dfe 8a, Dingden Tel 02852 4100 Naturheilpraxis de Vries : Krechtinger Stra\u00dfe 8a, Dingden Tel: 02852 4100 Physiotherapie Claudia de Vries : Bahnhofstra\u00dfe 37, Mehrhoog Tel: 02857 1828 Physio-Aktiv GbR : Krechtinger Stra\u00dfe 8a, Dingden (Verwaltung) Kursort : BWD 1920 e.V., H\u00f6ingsweg 3, Dingden.","og_url":"https:\/\/praxisdevries.de\/?page_id=20","og_site_name":"Praxis de Vries","article_modified_time":"2022-12-04T11:10:28+00:00","twitter_card":"summary_large_image","twitter_misc":{"Gesch\u00e4tzte Lesezeit":"1\u00a0Minute"},"schema":{"@context":"https:\/\/schema.org","@graph":[{"@type":"WebPage","@id":"https:\/\/praxisdevries.de\/?page_id=20","url":"https:\/\/praxisdevries.de\/?page_id=20","name":"Praxen - Praxis de Vries","isPartOf":{"@id":"https:\/\/praxisdevries.de\/#website"},"datePublished":"2019-02-04T18:52:47+00:00","dateModified":"2022-12-04T11:10:28+00:00","breadcrumb":{"@id":"https:\/\/praxisdevries.de\/?page_id=20#breadcrumb"},"inLanguage":"de","potentialAction":[{"@type":"ReadAction","target":["https:\/\/praxisdevries.de\/?page_id=20"]}]},{"@type":"BreadcrumbList","@id":"https:\/\/praxisdevries.de\/?page_id=20#breadcrumb","itemListElement":[{"@type":"ListItem","position":1,"name":"Startseite","item":"https:\/\/praxisdevries.de\/"},{"@type":"ListItem","position":2,"name":"Praxen"}]},{"@type":"WebSite","@id":"https:\/\/praxisdevries.de\/#website","url":"https:\/\/praxisdevries.de\/","name":"Praxis de Vries","description":"Die Physiotherapeuten","potentialAction":[{"@type":"SearchAction","target":{"@type":"EntryPoint","urlTemplate":"https:\/\/praxisdevries.de\/?s={search_term_string}"},"query-input":{"@type":"PropertyValueSpecification","valueRequired":true,"valueName":"search_term_string"}}],"inLanguage":"de"}]}},"_links":{"self":[{"href":"https:\/\/praxisdevries.de\/index.php?rest_route=\/wp\/v2\/pages\/20","targetHints":{"allow":["GET"]}}],"collection":[{"href":"https:\/\/praxisdevries.de\/index.php?rest_route=\/wp\/v2\/pages"}],"about":[{"href":"https:\/\/praxisdevries.de\/index.php?rest_route=\/wp\/v2\/types\/page"}],"author":[{"embeddable":true,"href":"https:\/\/praxisdevries.de\/index.php?rest_route=\/wp\/v2\/users\/1"}],"replies":[{"embeddable":true,"href":"https:\/\/praxisdevries.de\/index.php?rest_route=%2Fwp%2Fv2%2Fcomments&post=20"}],"version-history":[{"count":5,"href":"https:\/\/praxisdevries.de\/index.php?rest_route=\/wp\/v2\/pages\/20\/revisions"}],"predecessor-version":[{"id":142,"href":"https:\/\/praxisdevries.de\/index.php?rest_route=\/wp\/v2\/pages\/20\/revisions\/142"}],"wp:attachment":[{"href":"https:\/\/praxisdevries.de\/index.php?rest_route=%2Fwp%2Fv2%2Fmedia&parent=20"}],"curies":[{"name":"wp","href":"https:\/\/api.w.org\/{rel}","templated":true}]}}